{"id":37,"date":"2023-03-05T21:55:49","date_gmt":"2023-03-05T21:55:49","guid":{"rendered":"https:\/\/euskosites.com\/?page_id=37"},"modified":"2025-09-20T17:13:29","modified_gmt":"2025-09-20T17:13:29","slug":"fibra-de-vidrio","status":"publish","type":"page","link":"https:\/\/euskosites.com\/index.php\/fibra-de-vidrio\/","title":{"rendered":"fibra de vidrio"},"content":{"rendered":"\t\t<div data-elementor-type=\"wp-page\" data-elementor-id=\"37\" class=\"elementor elementor-37\">\n\t\t\t\t\t\t<section class=\"elementor-section elementor-top-section elementor-element elementor-element-3de118c elementor-section-height-min-height elementor-section-boxed elementor-section-height-default elementor-section-items-middle\" data-id=\"3de118c\" data-element_type=\"section\" data-settings=\"{&quot;background_background&quot;:&quot;classic&quot;}\">\n\t\t\t\t\t\t\t<div class=\"elementor-background-overlay\"><\/div>\n\t\t\t\t\t\t\t<div class=\"elementor-container elementor-column-gap-default\">\n\t\t\t\t\t<div class=\"elementor-column elementor-col-100 elementor-top-column elementor-element elementor-element-f86927e\" data-id=\"f86927e\" data-element_type=\"column\">\n\t\t\t<div class=\"elementor-widget-wrap elementor-element-populated\">\n\t\t\t\t\t\t<div class=\"elementor-element elementor-element-dcbbcc2 elementor-widget elementor-widget-heading\" data-id=\"dcbbcc2\" data-element_type=\"widget\" data-widget_type=\"heading.default\">\n\t\t\t\t<div class=\"elementor-widget-container\">\n\t\t\t\t\t<h1 class=\"elementor-heading-title elementor-size-xl\">Fibra de vidrio<\/h1>\t\t\t\t<\/div>\n\t\t\t\t<\/div>\n\t\t\t\t\t<\/div>\n\t\t<\/div>\n\t\t\t\t\t<\/div>\n\t\t<\/section>\n\t\t\t\t<section class=\"elementor-section elementor-top-section elementor-element elementor-element-9ccdd64 elementor-section-boxed elementor-section-height-default elementor-section-height-default\" data-id=\"9ccdd64\" data-element_type=\"section\">\n\t\t\t\t\t\t<div class=\"elementor-container elementor-column-gap-default\">\n\t\t\t\t\t<div class=\"elementor-column elementor-col-50 elementor-top-column elementor-element elementor-element-121221d\" data-id=\"121221d\" data-element_type=\"column\">\n\t\t\t<div class=\"elementor-widget-wrap elementor-element-populated\">\n\t\t\t\t\t\t<div class=\"elementor-element elementor-element-cca3d85 elementor-widget elementor-widget-image\" data-id=\"cca3d85\" data-element_type=\"widget\" data-widget_type=\"image.default\">\n\t\t\t\t<div class=\"elementor-widget-container\">\n\t\t\t\t\t\t\t\t\t\t\t\t\t\t\t<img fetchpriority=\"high\" decoding=\"async\" width=\"768\" height=\"1024\" src=\"https:\/\/euskosites.com\/wp-content\/uploads\/2023\/05\/20160901_181431.jpg\" class=\"attachment-large size-large wp-image-378\" alt=\"\" \/>\t\t\t\t\t\t\t\t\t\t\t\t\t\t\t<\/div>\n\t\t\t\t<\/div>\n\t\t\t\t<div class=\"elementor-element elementor-element-7a7a5de elementor-widget elementor-widget-image\" data-id=\"7a7a5de\" data-element_type=\"widget\" data-widget_type=\"image.default\">\n\t\t\t\t<div class=\"elementor-widget-container\">\n\t\t\t\t\t\t\t\t\t\t\t\t\t\t\t<img decoding=\"async\" width=\"1024\" height=\"768\" src=\"https:\/\/euskosites.com\/wp-content\/uploads\/2023\/05\/IMAG0169.jpg\" class=\"attachment-large size-large wp-image-333\" alt=\"\" \/>\t\t\t\t\t\t\t\t\t\t\t\t\t\t\t<\/div>\n\t\t\t\t<\/div>\n\t\t\t\t<div class=\"elementor-element elementor-element-e817f79 elementor-widget elementor-widget-image\" data-id=\"e817f79\" data-element_type=\"widget\" data-widget_type=\"image.default\">\n\t\t\t\t<div class=\"elementor-widget-container\">\n\t\t\t\t\t\t\t\t\t\t\t\t\t\t\t<img decoding=\"async\" width=\"550\" height=\"400\" src=\"https:\/\/euskosites.com\/wp-content\/uploads\/2024\/06\/piezas-en-fibra-de-vidrio-prfv.jpg\" class=\"attachment-large size-large wp-image-451\" alt=\"\" \/>\t\t\t\t\t\t\t\t\t\t\t\t\t\t\t<\/div>\n\t\t\t\t<\/div>\n\t\t\t\t<div class=\"elementor-element elementor-element-2fb09fb elementor-widget elementor-widget-image\" data-id=\"2fb09fb\" data-element_type=\"widget\" data-widget_type=\"image.default\">\n\t\t\t\t<div class=\"elementor-widget-container\">\n\t\t\t\t\t\t\t\t\t\t\t\t\t\t\t<img loading=\"lazy\" decoding=\"async\" width=\"1024\" height=\"768\" src=\"https:\/\/euskosites.com\/wp-content\/uploads\/2024\/06\/20170214_103646.jpg\" class=\"attachment-large size-large wp-image-520\" alt=\"\" \/>\t\t\t\t\t\t\t\t\t\t\t\t\t\t\t<\/div>\n\t\t\t\t<\/div>\n\t\t\t\t\t<\/div>\n\t\t<\/div>\n\t\t\t\t<div class=\"elementor-column elementor-col-50 elementor-top-column elementor-element elementor-element-99cb736\" data-id=\"99cb736\" data-element_type=\"column\">\n\t\t\t<div class=\"elementor-widget-wrap elementor-element-populated\">\n\t\t\t\t\t\t<div class=\"elementor-element elementor-element-5279ca4 eael-dual-header-content-align-center elementor-widget elementor-widget-eael-dual-color-header\" data-id=\"5279ca4\" data-element_type=\"widget\" data-widget_type=\"eael-dual-color-header.default\">\n\t\t\t\t<div class=\"elementor-widget-container\">\n\t\t\t\t\t\t\t\t<div class=\"eael-dual-header\">\n\t\t\t\t<h2 class=\"title eael-dch-title\"><span class=\"eael-dch-title-text eael-dch-title-lead lead solid-color\">fibra<\/span> <span class=\"eael-dch-title-text\">de vidrio<\/span><\/h2>\t\t\t<\/div>\n\n\t\t\t\t\t\t<\/div>\n\t\t\t\t<\/div>\n\t\t\t\t<div class=\"elementor-element elementor-element-4c7207e elementor-widget elementor-widget-text-editor\" data-id=\"4c7207e\" data-element_type=\"widget\" data-widget_type=\"text-editor.default\">\n\t\t\t\t<div class=\"elementor-widget-container\">\n\t\t\t\t\t\t\t\t\t<h3 data-start=\"257\" data-end=\"333\">Fabricaci\u00f3n de Piezas de Fibra de Vidrio y Poli\u00e9ster en Bilbao y Vizcaya<\/h3><p data-start=\"335\" data-end=\"664\">En <strong data-start=\"338\" data-end=\"352\">Euskosites<\/strong>, tambi\u00e9n somos expertos en la fabricaci\u00f3n de piezas de <strong data-start=\"408\" data-end=\"459\">fibra de vidrio y poli\u00e9ster en Bilbao y Vizcaya<\/strong>. Nos enorgullece ofrecer una amplia gama de soluciones innovadoras y de alta calidad para satisfacer las necesidades espec\u00edficas de nuestros clientes en sectores industriales, comerciales y residenciales.<\/p><p data-start=\"666\" data-end=\"1084\">Nuestras <strong data-start=\"675\" data-end=\"704\">piezas de fibra de vidrio<\/strong> son una opci\u00f3n excelente para m\u00faltiples aplicaciones gracias a sus m\u00faltiples ventajas. En primer lugar, destacan por su <strong data-start=\"825\" data-end=\"854\">durabilidad y resistencia<\/strong>. Estas cualidades permiten que nuestras piezas soporten condiciones exigentes como la exposici\u00f3n constante a la humedad, la abrasi\u00f3n y la alta presi\u00f3n, lo que las convierte en una soluci\u00f3n de larga vida \u00fatil y bajo mantenimiento.<\/p><p data-start=\"1086\" data-end=\"1391\">Adem\u00e1s, la <strong data-start=\"1097\" data-end=\"1131\">fibra de vidrio y el poli\u00e9ster<\/strong> son materiales ligeros pero incre\u00edblemente robustos, facilitando la manipulaci\u00f3n e instalaci\u00f3n sin comprometer la resistencia estructural. Esta combinaci\u00f3n de ligereza y fortaleza los hace ideales para proyectos que requieren tanto eficiencia como fiabilidad.<\/p><p data-start=\"1393\" data-end=\"1713\">Una de las mayores ventajas de nuestras soluciones es su <strong data-start=\"1450\" data-end=\"1474\">alta personalizaci\u00f3n<\/strong>. Ofrecemos una amplia variedad de dise\u00f1os, formas, tama\u00f1os, colores y acabados adaptados a cada necesidad. Tambi\u00e9n disponemos de <strong data-start=\"1604\" data-end=\"1638\">opciones de refuerzo adicional<\/strong>, perfectas para aplicaciones que exigen una resistencia mec\u00e1nica superior.<\/p><p data-start=\"1715\" data-end=\"2087\">En Euskosites trabajamos con diferentes tipos de resinas para garantizar la adaptabilidad de nuestras piezas a todo tipo de entornos y exigencias. Utilizamos resina isoft\u00e1lica (especialmente indicada para embarcaciones), resina vinil\u00e9ster, resina de poliuretano y resina fen\u00f3lica, entre otras. Esto nos permite ofrecer soluciones altamente especializadas y personalizadas.<\/p><p data-start=\"2089\" data-end=\"2457\">Nuestro compromiso con la calidad es total. Disponemos de un equipo de profesionales altamente capacitado que trabaja en estrecha colaboraci\u00f3n con cada cliente para entender sus necesidades y brindar soluciones a medida. Utilizamos <strong data-start=\"2321\" data-end=\"2381\">materiales de primera calidad y tecnolog\u00eda de vanguardia<\/strong>, asegurando que cada pieza cumpla con los m\u00e1s altos est\u00e1ndares del mercado.<\/p>\t\t\t\t\t\t\t\t<\/div>\n\t\t\t\t<\/div>\n\t\t\t\t\t<\/div>\n\t\t<\/div>\n\t\t\t\t\t<\/div>\n\t\t<\/section>\n\t\t\t\t<\/div>\n\t\t","protected":false},"excerpt":{"rendered":"<p>Fibra de vidrio fibra de vidrio Fabricaci\u00f3n de Piezas de Fibra de Vidrio y Poli\u00e9ster en Bilbao y Vizcaya En Euskosites, tambi\u00e9n somos expertos en la fabricaci\u00f3n de piezas de fibra de vidrio y poli\u00e9ster en Bilbao y Vizcaya. Nos enorgullece ofrecer una amplia gama de soluciones innovadoras y de alta calidad para satisfacer las [&hellip;]<\/p>\n","protected":false},"author":1,"featured_media":0,"parent":0,"menu_order":0,"comment_status":"closed","ping_status":"closed","template":"","meta":{"site-sidebar-layout":"no-sidebar","site-content-layout":"page-builder","ast-site-content-layout":"default","site-content-style":"default","site-sidebar-style":"default","ast-global-header-display":"","ast-banner-title-visibility":"","ast-main-header-display":"","ast-hfb-above-header-display":"","ast-hfb-below-header-display":"","ast-hfb-mobile-header-display":"","site-post-title":"","ast-breadcrumbs-content":"","ast-featured-img":"disabled","footer-sml-layout":"","theme-transparent-header-meta":"","adv-header-id-meta":"","stick-header-meta":"","header-above-stick-meta":"","header-main-stick-meta":"","header-below-stick-meta":"","astra-migrate-meta-layouts":"default","ast-page-background-enabled":"default","ast-page-background-meta":{"desktop":{"background-color":"var(--ast-global-color-4)","background-image":"","background-repeat":"repeat","background-position":"center center","background-size":"auto","background-attachment":"scroll","background-type":"","background-media":"","overlay-type":"","overlay-color":"","overlay-opacity":"","overlay-gradient":""},"tablet":{"background-color":"","background-image":"","background-repeat":"repeat","background-position":"center center","background-size":"auto","background-attachment":"scroll","background-type":"","background-media":"","overlay-type":"","overlay-color":"","overlay-opacity":"","overlay-gradient":""},"mobile":{"background-color":"","background-image":"","background-repeat":"repeat","background-position":"center center","background-size":"auto","background-attachment":"scroll","background-type":"","background-media":"","overlay-type":"","overlay-color":"","overlay-opacity":"","overlay-gradient":""}},"ast-content-background-meta":{"desktop":{"background-color":"var(--ast-global-color-5)","background-image":"","background-repeat":"repeat","background-position":"center center","background-size":"auto","background-attachment":"scroll","background-type":"","background-media":"","overlay-type":"","overlay-color":"","overlay-opacity":"","overlay-gradient":""},"tablet":{"background-color":"var(--ast-global-color-5)","background-image":"","background-repeat":"repeat","background-position":"center center","background-size":"auto","background-attachment":"scroll","background-type":"","background-media":"","overlay-type":"","overlay-color":"","overlay-opacity":"","overlay-gradient":""},"mobile":{"background-color":"var(--ast-global-color-5)","background-image":"","background-repeat":"repeat","background-position":"center center","background-size":"auto","background-attachment":"scroll","background-type":"","background-media":"","overlay-type":"","overlay-color":"","overlay-opacity":"","overlay-gradient":""}},"footnotes":""},"class_list":["post-37","page","type-page","status-publish","hentry"],"yoast_head":"<!-- This site is optimized with the Yoast SEO plugin v25.9 - https:\/\/yoast.com\/wordpress\/plugins\/seo\/ -->\n<title>fibra de vidrio - euskosites<\/title>\n<meta name=\"robots\" content=\"index, follow, max-snippet:-1, max-image-preview:large, max-video-preview:-1\" \/>\n<link rel=\"canonical\" href=\"https:\/\/euskosites.com\/index.php\/fibra-de-vidrio\/\" \/>\n<meta property=\"og:locale\" content=\"es_ES\" \/>\n<meta property=\"og:type\" content=\"article\" \/>\n<meta property=\"og:title\" content=\"fibra de vidrio - euskosites\" \/>\n<meta property=\"og:description\" content=\"Fibra de vidrio fibra de vidrio Fabricaci\u00f3n de Piezas de Fibra de Vidrio y Poli\u00e9ster en Bilbao y Vizcaya En Euskosites, tambi\u00e9n somos expertos en la fabricaci\u00f3n de piezas de fibra de vidrio y poli\u00e9ster en Bilbao y Vizcaya. Nos enorgullece ofrecer una amplia gama de soluciones innovadoras y de alta calidad para satisfacer las [&hellip;]\" \/>\n<meta property=\"og:url\" content=\"https:\/\/euskosites.com\/index.php\/fibra-de-vidrio\/\" \/>\n<meta property=\"og:site_name\" content=\"euskosites\" \/>\n<meta property=\"article:publisher\" content=\"https:\/\/www.facebook.com\/euskosites.sl?locale=es_ES\" \/>\n<meta property=\"article:modified_time\" content=\"2025-09-20T17:13:29+00:00\" \/>\n<meta property=\"og:image\" content=\"https:\/\/euskosites.com\/wp-content\/uploads\/2023\/05\/20160901_181431.jpg\" \/>\n\t<meta property=\"og:image:width\" content=\"1200\" \/>\n\t<meta property=\"og:image:height\" content=\"1600\" \/>\n\t<meta property=\"og:image:type\" content=\"image\/jpeg\" \/>\n<meta name=\"twitter:card\" content=\"summary_large_image\" \/>\n<meta name=\"twitter:label1\" content=\"Tiempo de lectura\" \/>\n\t<meta name=\"twitter:data1\" content=\"2 minutos\" \/>\n<script type=\"application\/ld+json\" class=\"yoast-schema-graph\">{\"@context\":\"https:\/\/schema.org\",\"@graph\":[{\"@type\":\"WebPage\",\"@id\":\"https:\/\/euskosites.com\/index.php\/fibra-de-vidrio\/\",\"url\":\"https:\/\/euskosites.com\/index.php\/fibra-de-vidrio\/\",\"name\":\"fibra de vidrio - euskosites\",\"isPartOf\":{\"@id\":\"https:\/\/euskosites.com\/#website\"},\"primaryImageOfPage\":{\"@id\":\"https:\/\/euskosites.com\/index.php\/fibra-de-vidrio\/#primaryimage\"},\"image\":{\"@id\":\"https:\/\/euskosites.com\/index.php\/fibra-de-vidrio\/#primaryimage\"},\"thumbnailUrl\":\"https:\/\/euskosites.com\/wp-content\/uploads\/2023\/05\/20160901_181431.jpg\",\"datePublished\":\"2023-03-05T21:55:49+00:00\",\"dateModified\":\"2025-09-20T17:13:29+00:00\",\"breadcrumb\":{\"@id\":\"https:\/\/euskosites.com\/index.php\/fibra-de-vidrio\/#breadcrumb\"},\"inLanguage\":\"es\",\"potentialAction\":[{\"@type\":\"ReadAction\",\"target\":[\"https:\/\/euskosites.com\/index.php\/fibra-de-vidrio\/\"]}]},{\"@type\":\"ImageObject\",\"inLanguage\":\"es\",\"@id\":\"https:\/\/euskosites.com\/index.php\/fibra-de-vidrio\/#primaryimage\",\"url\":\"https:\/\/euskosites.com\/wp-content\/uploads\/2023\/05\/20160901_181431.jpg\",\"contentUrl\":\"https:\/\/euskosites.com\/wp-content\/uploads\/2023\/05\/20160901_181431.jpg\",\"width\":1200,\"height\":1600},{\"@type\":\"BreadcrumbList\",\"@id\":\"https:\/\/euskosites.com\/index.php\/fibra-de-vidrio\/#breadcrumb\",\"itemListElement\":[{\"@type\":\"ListItem\",\"position\":1,\"name\":\"Portada\",\"item\":\"https:\/\/euskosites.com\/\"},{\"@type\":\"ListItem\",\"position\":2,\"name\":\"fibra de vidrio\"}]},{\"@type\":\"WebSite\",\"@id\":\"https:\/\/euskosites.com\/#website\",\"url\":\"https:\/\/euskosites.com\/\",\"name\":\"euskosites.com\",\"description\":\"Expertos en fibra de vidrio y fibra de carbono\",\"publisher\":{\"@id\":\"https:\/\/euskosites.com\/#organization\"},\"alternateName\":\"euskosites\",\"potentialAction\":[{\"@type\":\"SearchAction\",\"target\":{\"@type\":\"EntryPoint\",\"urlTemplate\":\"https:\/\/euskosites.com\/?s={search_term_string}\"},\"query-input\":{\"@type\":\"PropertyValueSpecification\",\"valueRequired\":true,\"valueName\":\"search_term_string\"}}],\"inLanguage\":\"es\"},{\"@type\":\"Organization\",\"@id\":\"https:\/\/euskosites.com\/#organization\",\"name\":\"euskosites\",\"url\":\"https:\/\/euskosites.com\/\",\"logo\":{\"@type\":\"ImageObject\",\"inLanguage\":\"es\",\"@id\":\"https:\/\/euskosites.com\/#\/schema\/logo\/image\/\",\"url\":\"https:\/\/euskosites.com\/wp-content\/uploads\/2025\/10\/cropped-android-chrome-512x512-1.png\",\"contentUrl\":\"https:\/\/euskosites.com\/wp-content\/uploads\/2025\/10\/cropped-android-chrome-512x512-1.png\",\"width\":512,\"height\":512,\"caption\":\"euskosites\"},\"image\":{\"@id\":\"https:\/\/euskosites.com\/#\/schema\/logo\/image\/\"},\"sameAs\":[\"https:\/\/www.facebook.com\/euskosites.sl?locale=es_ES\"]}]}<\/script>\n<!-- \/ Yoast SEO plugin. -->","yoast_head_json":{"title":"fibra de vidrio - euskosites","robots":{"index":"index","follow":"follow","max-snippet":"max-snippet:-1","max-image-preview":"max-image-preview:large","max-video-preview":"max-video-preview:-1"},"canonical":"https:\/\/euskosites.com\/index.php\/fibra-de-vidrio\/","og_locale":"es_ES","og_type":"article","og_title":"fibra de vidrio - euskosites","og_description":"Fibra de vidrio fibra de vidrio Fabricaci\u00f3n de Piezas de Fibra de Vidrio y Poli\u00e9ster en Bilbao y Vizcaya En Euskosites, tambi\u00e9n somos expertos en la fabricaci\u00f3n de piezas de fibra de vidrio y poli\u00e9ster en Bilbao y Vizcaya. Nos enorgullece ofrecer una amplia gama de soluciones innovadoras y de alta calidad para satisfacer las [&hellip;]","og_url":"https:\/\/euskosites.com\/index.php\/fibra-de-vidrio\/","og_site_name":"euskosites","article_publisher":"https:\/\/www.facebook.com\/euskosites.sl?locale=es_ES","article_modified_time":"2025-09-20T17:13:29+00:00","og_image":[{"width":1200,"height":1600,"url":"https:\/\/euskosites.com\/wp-content\/uploads\/2023\/05\/20160901_181431.jpg","type":"image\/jpeg"}],"twitter_card":"summary_large_image","twitter_misc":{"Tiempo de lectura":"2 minutos"},"schema":{"@context":"https:\/\/schema.org","@graph":[{"@type":"WebPage","@id":"https:\/\/euskosites.com\/index.php\/fibra-de-vidrio\/","url":"https:\/\/euskosites.com\/index.php\/fibra-de-vidrio\/","name":"fibra de vidrio - euskosites","isPartOf":{"@id":"https:\/\/euskosites.com\/#website"},"primaryImageOfPage":{"@id":"https:\/\/euskosites.com\/index.php\/fibra-de-vidrio\/#primaryimage"},"image":{"@id":"https:\/\/euskosites.com\/index.php\/fibra-de-vidrio\/#primaryimage"},"thumbnailUrl":"https:\/\/euskosites.com\/wp-content\/uploads\/2023\/05\/20160901_181431.jpg","datePublished":"2023-03-05T21:55:49+00:00","dateModified":"2025-09-20T17:13:29+00:00","breadcrumb":{"@id":"https:\/\/euskosites.com\/index.php\/fibra-de-vidrio\/#breadcrumb"},"inLanguage":"es","potentialAction":[{"@type":"ReadAction","target":["https:\/\/euskosites.com\/index.php\/fibra-de-vidrio\/"]}]},{"@type":"ImageObject","inLanguage":"es","@id":"https:\/\/euskosites.com\/index.php\/fibra-de-vidrio\/#primaryimage","url":"https:\/\/euskosites.com\/wp-content\/uploads\/2023\/05\/20160901_181431.jpg","contentUrl":"https:\/\/euskosites.com\/wp-content\/uploads\/2023\/05\/20160901_181431.jpg","width":1200,"height":1600},{"@type":"BreadcrumbList","@id":"https:\/\/euskosites.com\/index.php\/fibra-de-vidrio\/#breadcrumb","itemListElement":[{"@type":"ListItem","position":1,"name":"Portada","item":"https:\/\/euskosites.com\/"},{"@type":"ListItem","position":2,"name":"fibra de vidrio"}]},{"@type":"WebSite","@id":"https:\/\/euskosites.com\/#website","url":"https:\/\/euskosites.com\/","name":"euskosites.com","description":"Expertos en fibra de vidrio y fibra de carbono","publisher":{"@id":"https:\/\/euskosites.com\/#organization"},"alternateName":"euskosites","potentialAction":[{"@type":"SearchAction","target":{"@type":"EntryPoint","urlTemplate":"https:\/\/euskosites.com\/?s={search_term_string}"},"query-input":{"@type":"PropertyValueSpecification","valueRequired":true,"valueName":"search_term_string"}}],"inLanguage":"es"},{"@type":"Organization","@id":"https:\/\/euskosites.com\/#organization","name":"euskosites","url":"https:\/\/euskosites.com\/","logo":{"@type":"ImageObject","inLanguage":"es","@id":"https:\/\/euskosites.com\/#\/schema\/logo\/image\/","url":"https:\/\/euskosites.com\/wp-content\/uploads\/2025\/10\/cropped-android-chrome-512x512-1.png","contentUrl":"https:\/\/euskosites.com\/wp-content\/uploads\/2025\/10\/cropped-android-chrome-512x512-1.png","width":512,"height":512,"caption":"euskosites"},"image":{"@id":"https:\/\/euskosites.com\/#\/schema\/logo\/image\/"},"sameAs":["https:\/\/www.facebook.com\/euskosites.sl?locale=es_ES"]}]}},"_links":{"self":[{"href":"https:\/\/euskosites.com\/index.php\/wp-json\/wp\/v2\/pages\/37","targetHints":{"allow":["GET"]}}],"collection":[{"href":"https:\/\/euskosites.com\/index.php\/wp-json\/wp\/v2\/pages"}],"about":[{"href":"https:\/\/euskosites.com\/index.php\/wp-json\/wp\/v2\/types\/page"}],"author":[{"embeddable":true,"href":"https:\/\/euskosites.com\/index.php\/wp-json\/wp\/v2\/users\/1"}],"replies":[{"embeddable":true,"href":"https:\/\/euskosites.com\/index.php\/wp-json\/wp\/v2\/comments?post=37"}],"version-history":[{"count":16,"href":"https:\/\/euskosites.com\/index.php\/wp-json\/wp\/v2\/pages\/37\/revisions"}],"predecessor-version":[{"id":560,"href":"https:\/\/euskosites.com\/index.php\/wp-json\/wp\/v2\/pages\/37\/revisions\/560"}],"wp:attachment":[{"href":"https:\/\/euskosites.com\/index.php\/wp-json\/wp\/v2\/media?parent=37"}],"curies":[{"name":"wp","href":"https:\/\/api.w.org\/{rel}","templated":true}]}}