{"id":35,"date":"2023-03-05T21:55:26","date_gmt":"2023-03-05T21:55:26","guid":{"rendered":"https:\/\/euskosites.com\/?page_id=35"},"modified":"2025-09-20T17:18:23","modified_gmt":"2025-09-20T17:18:23","slug":"fibra-de-carbono","status":"publish","type":"page","link":"https:\/\/euskosites.com\/index.php\/fibra-de-carbono\/","title":{"rendered":"fibra de carbono"},"content":{"rendered":"\t\t<div data-elementor-type=\"wp-page\" data-elementor-id=\"35\" class=\"elementor elementor-35\">\n\t\t\t\t\t\t<section class=\"elementor-section elementor-top-section elementor-element elementor-element-852dd30 elementor-section-height-min-height elementor-section-boxed elementor-section-height-default elementor-section-items-middle\" data-id=\"852dd30\" data-element_type=\"section\" data-settings=\"{&quot;background_background&quot;:&quot;classic&quot;}\">\n\t\t\t\t\t\t\t<div class=\"elementor-background-overlay\"><\/div>\n\t\t\t\t\t\t\t<div class=\"elementor-container elementor-column-gap-default\">\n\t\t\t\t\t<div class=\"elementor-column elementor-col-100 elementor-top-column elementor-element elementor-element-8dde5b5\" data-id=\"8dde5b5\" data-element_type=\"column\">\n\t\t\t<div class=\"elementor-widget-wrap elementor-element-populated\">\n\t\t\t\t\t\t<div class=\"elementor-element elementor-element-44ed00a elementor-widget elementor-widget-heading\" data-id=\"44ed00a\" data-element_type=\"widget\" data-widget_type=\"heading.default\">\n\t\t\t\t<div class=\"elementor-widget-container\">\n\t\t\t\t\t<h1 class=\"elementor-heading-title elementor-size-xl\">Fibra de carbono<\/h1>\t\t\t\t<\/div>\n\t\t\t\t<\/div>\n\t\t\t\t\t<\/div>\n\t\t<\/div>\n\t\t\t\t\t<\/div>\n\t\t<\/section>\n\t\t\t\t<section class=\"elementor-section elementor-top-section elementor-element elementor-element-29dd4d1 elementor-section-boxed elementor-section-height-default elementor-section-height-default\" data-id=\"29dd4d1\" data-element_type=\"section\">\n\t\t\t\t\t\t<div class=\"elementor-container elementor-column-gap-default\">\n\t\t\t\t\t<div class=\"elementor-column elementor-col-50 elementor-top-column elementor-element elementor-element-4e1db27\" data-id=\"4e1db27\" data-element_type=\"column\">\n\t\t\t<div class=\"elementor-widget-wrap elementor-element-populated\">\n\t\t\t\t\t\t<div class=\"elementor-element elementor-element-24ef63f elementor-widget elementor-widget-image\" data-id=\"24ef63f\" data-element_type=\"widget\" data-widget_type=\"image.default\">\n\t\t\t\t<div class=\"elementor-widget-container\">\n\t\t\t\t\t\t\t\t\t\t\t\t\t\t\t<img fetchpriority=\"high\" decoding=\"async\" width=\"686\" height=\"386\" src=\"https:\/\/euskosites.com\/wp-content\/uploads\/2024\/06\/hq720.jpg\" class=\"attachment-large size-large wp-image-457\" alt=\"\" \/>\t\t\t\t\t\t\t\t\t\t\t\t\t\t\t<\/div>\n\t\t\t\t<\/div>\n\t\t\t\t<div class=\"elementor-element elementor-element-eb06c51 elementor-widget elementor-widget-image\" data-id=\"eb06c51\" data-element_type=\"widget\" data-widget_type=\"image.default\">\n\t\t\t\t<div class=\"elementor-widget-container\">\n\t\t\t\t\t\t\t\t\t\t\t\t\t\t\t<img decoding=\"async\" width=\"800\" height=\"600\" src=\"https:\/\/euskosites.com\/wp-content\/uploads\/2024\/06\/330215560_942292810115324_7532079802071617330_n.jpg\" class=\"attachment-large size-large wp-image-456\" alt=\"\" \/>\t\t\t\t\t\t\t\t\t\t\t\t\t\t\t<\/div>\n\t\t\t\t<\/div>\n\t\t\t\t<div class=\"elementor-element elementor-element-ac1ada1 elementor-widget elementor-widget-image\" data-id=\"ac1ada1\" data-element_type=\"widget\" data-widget_type=\"image.default\">\n\t\t\t\t<div class=\"elementor-widget-container\">\n\t\t\t\t\t\t\t\t\t\t\t\t\t\t\t<img decoding=\"async\" width=\"1024\" height=\"576\" src=\"https:\/\/euskosites.com\/wp-content\/uploads\/2024\/06\/maxresdefault-1.jpg\" class=\"attachment-large size-large wp-image-459\" alt=\"\" \/>\t\t\t\t\t\t\t\t\t\t\t\t\t\t\t<\/div>\n\t\t\t\t<\/div>\n\t\t\t\t<div class=\"elementor-element elementor-element-19b1132 elementor-widget elementor-widget-image\" data-id=\"19b1132\" data-element_type=\"widget\" data-widget_type=\"image.default\">\n\t\t\t\t<div class=\"elementor-widget-container\">\n\t\t\t\t\t\t\t\t\t\t\t\t\t\t\t<img loading=\"lazy\" decoding=\"async\" width=\"736\" height=\"416\" src=\"https:\/\/euskosites.com\/wp-content\/uploads\/2024\/06\/b4622a9f2879964977f95982f90bd83b-carbon-fiber-moldings.jpg\" class=\"attachment-large size-large wp-image-458\" alt=\"\" \/>\t\t\t\t\t\t\t\t\t\t\t\t\t\t\t<\/div>\n\t\t\t\t<\/div>\n\t\t\t\t<div class=\"elementor-element elementor-element-484f1a2 elementor-widget elementor-widget-image\" data-id=\"484f1a2\" data-element_type=\"widget\" data-widget_type=\"image.default\">\n\t\t\t\t<div class=\"elementor-widget-container\">\n\t\t\t\t\t\t\t\t\t\t\t\t\t\t\t<img loading=\"lazy\" decoding=\"async\" width=\"1024\" height=\"768\" src=\"https:\/\/euskosites.com\/wp-content\/uploads\/2024\/06\/P1550089.jpg\" class=\"attachment-large size-large wp-image-525\" alt=\"\" \/>\t\t\t\t\t\t\t\t\t\t\t\t\t\t\t<\/div>\n\t\t\t\t<\/div>\n\t\t\t\t\t<\/div>\n\t\t<\/div>\n\t\t\t\t<div class=\"elementor-column elementor-col-50 elementor-top-column elementor-element elementor-element-2d2f3f4\" data-id=\"2d2f3f4\" data-element_type=\"column\">\n\t\t\t<div class=\"elementor-widget-wrap elementor-element-populated\">\n\t\t\t\t\t\t<div class=\"elementor-element elementor-element-8edc892 eael-dual-header-content-align-center elementor-widget elementor-widget-eael-dual-color-header\" data-id=\"8edc892\" data-element_type=\"widget\" data-widget_type=\"eael-dual-color-header.default\">\n\t\t\t\t<div class=\"elementor-widget-container\">\n\t\t\t\t\t\t\t\t<div class=\"eael-dual-header\">\n\t\t\t\t<h2 class=\"title eael-dch-title\"><span class=\"eael-dch-title-text eael-dch-title-lead lead solid-color\">Fibra<\/span> <span class=\"eael-dch-title-text\">de carbono<\/span><\/h2>\t\t\t<\/div>\n\n\t\t\t\t\t\t<\/div>\n\t\t\t\t<\/div>\n\t\t\t\t<div class=\"elementor-element elementor-element-33f718a elementor-widget elementor-widget-text-editor\" data-id=\"33f718a\" data-element_type=\"widget\" data-widget_type=\"text-editor.default\">\n\t\t\t\t<div class=\"elementor-widget-container\">\n\t\t\t\t\t\t\t\t\t<p>Expertos en Fabricaci\u00f3n de Piezas de Fibra de Carbono y Kevlar en Espa\u00f1a, Bilbao y Vizcaya<\/p><p data-start=\"533\" data-end=\"853\">En <strong data-start=\"536\" data-end=\"550\">Euskosites<\/strong>, somos expertos en la <strong data-start=\"573\" data-end=\"636\">fabricaci\u00f3n de piezas de fibra de carbono y fibra de kevlar<\/strong> para toda <strong data-start=\"647\" data-end=\"657\">Espa\u00f1a<\/strong>, incluyendo clientes en <strong data-start=\"682\" data-end=\"702\">Bilbao y Vizcaya<\/strong>. Ofrecemos soluciones avanzadas, duraderas y est\u00e9ticamente impecables para sectores industriales, automotrices, n\u00e1uticos, aeroespaciales y deportivos.<\/p><p data-start=\"855\" data-end=\"1259\">Lo que nos diferencia es nuestra especializaci\u00f3n en <strong data-start=\"907\" data-end=\"952\">t\u00e9cnicas de fabricaci\u00f3n de alta precisi\u00f3n<\/strong>, como el uso de <strong data-start=\"969\" data-end=\"1002\">prepreg (fibra preimpregnada)<\/strong> y <strong data-start=\"1005\" data-end=\"1038\">procesos de infusi\u00f3n al vac\u00edo<\/strong>, que nos permiten lograr un nivel de calidad estructural y est\u00e9tica superior. Estas t\u00e9cnicas garantizan una \u00f3ptima relaci\u00f3n peso\/resistencia, acabado liso y uniforme, y una reducci\u00f3n significativa de defectos o burbujas.<\/p><p data-start=\"1261\" data-end=\"1623\">Nuestras piezas no solo destacan por su rendimiento t\u00e9cnico, sino tambi\u00e9n por su presentaci\u00f3n. <strong data-start=\"1356\" data-end=\"1403\">Ofrecemos acabados cosm\u00e9ticos de alto nivel<\/strong>, ideales para componentes visibles o de exhibici\u00f3n, donde la apariencia es tan importante como la funcionalidad. Ya sea con brillo, mate, texturas o tramas personalizadas, adaptamos cada detalle a la visi\u00f3n del cliente.<\/p><p data-start=\"1625\" data-end=\"1687\">Entre las principales ventajas de nuestras piezas se incluyen:<\/p><ul data-start=\"1688\" data-end=\"2041\"><li data-start=\"1688\" data-end=\"1741\"><p data-start=\"1690\" data-end=\"1741\"><strong data-start=\"1690\" data-end=\"1741\">Ligereza extrema con m\u00e1xima rigidez estructural<\/strong><\/p><\/li><li data-start=\"1742\" data-end=\"1807\"><p data-start=\"1744\" data-end=\"1807\"><strong data-start=\"1744\" data-end=\"1807\">Alta resistencia a tracci\u00f3n, abrasi\u00f3n y ambientes agresivos<\/strong><\/p><\/li><li data-start=\"1808\" data-end=\"1866\"><p data-start=\"1810\" data-end=\"1866\"><strong data-start=\"1810\" data-end=\"1866\">Dise\u00f1os personalizados en tramas, colores y acabados<\/strong><\/p><\/li><li data-start=\"1867\" data-end=\"1931\"><p data-start=\"1869\" data-end=\"1931\"><strong data-start=\"1869\" data-end=\"1931\">Opciones de refuerzo adicional para aplicaciones exigentes<\/strong><\/p><\/li><li data-start=\"1932\" data-end=\"1984\"><p data-start=\"1934\" data-end=\"1984\"><strong data-start=\"1934\" data-end=\"1984\">Compatibilidad con m\u00faltiples resinas avanzadas<\/strong><\/p><\/li><li data-start=\"1985\" data-end=\"2041\"><p data-start=\"1987\" data-end=\"2041\"><strong data-start=\"1987\" data-end=\"2041\">Producci\u00f3n profesional mediante prepreg o infusi\u00f3n<\/strong><\/p><\/li><\/ul><p data-start=\"2043\" data-end=\"2306\">Nuestro equipo est\u00e1 formado por profesionales altamente cualificados que trabajan con cada cliente para desarrollar soluciones t\u00e9cnicas personalizadas. Desde prototipos hasta producci\u00f3n en serie, garantizamos la m\u00e1xima calidad, precisi\u00f3n y cumplimiento de plazos.<\/p><hr data-start=\"2308\" data-end=\"2311\" \/><p data-start=\"2313\" data-end=\"2530\"><strong data-start=\"2313\" data-end=\"2442\">\u00bfBuscas piezas de fibra de carbono o kevlar en Espa\u00f1a fabricadas con prepreg o infusi\u00f3n y con acabados cosm\u00e9ticos impecables?<\/strong> En Euskosites tenemos la experiencia, tecnolog\u00eda y compromiso para ser tu mejor opci\u00f3n.<\/p><p data-start=\"2532\" data-end=\"2638\">Cont\u00e1ctanos hoy mismo para m\u00e1s informaci\u00f3n sobre nuestros servicios y empieza tu proyecto con los mejores.<\/p>\t\t\t\t\t\t\t\t<\/div>\n\t\t\t\t<\/div>\n\t\t\t\t\t<\/div>\n\t\t<\/div>\n\t\t\t\t\t<\/div>\n\t\t<\/section>\n\t\t\t\t<\/div>\n\t\t","protected":false},"excerpt":{"rendered":"<p>Fibra de carbono Fibra de carbono Expertos en Fabricaci\u00f3n de Piezas de Fibra de Carbono y Kevlar en Espa\u00f1a, Bilbao y Vizcaya En Euskosites, somos expertos en la fabricaci\u00f3n de piezas de fibra de carbono y fibra de kevlar para toda Espa\u00f1a, incluyendo clientes en Bilbao y Vizcaya. Ofrecemos soluciones avanzadas, duraderas y est\u00e9ticamente impecables [&hellip;]<\/p>\n","protected":false},"author":1,"featured_media":0,"parent":0,"menu_order":0,"comment_status":"closed","ping_status":"closed","template":"","meta":{"site-sidebar-layout":"no-sidebar","site-content-layout":"page-builder","ast-site-content-layout":"default","site-content-style":"default","site-sidebar-style":"default","ast-global-header-display":"","ast-banner-title-visibility":"","ast-main-header-display":"","ast-hfb-above-header-display":"","ast-hfb-below-header-display":"","ast-hfb-mobile-header-display":"","site-post-title":"","ast-breadcrumbs-content":"","ast-featured-img":"disabled","footer-sml-layout":"","theme-transparent-header-meta":"","adv-header-id-meta":"","stick-header-meta":"","header-above-stick-meta":"","header-main-stick-meta":"","header-below-stick-meta":"","astra-migrate-meta-layouts":"default","ast-page-background-enabled":"default","ast-page-background-meta":{"desktop":{"background-color":"var(--ast-global-color-4)","background-image":"","background-repeat":"repeat","background-position":"center center","background-size":"auto","background-attachment":"scroll","background-type":"","background-media":"","overlay-type":"","overlay-color":"","overlay-opacity":"","overlay-gradient":""},"tablet":{"background-color":"","background-image":"","background-repeat":"repeat","background-position":"center center","background-size":"auto","background-attachment":"scroll","background-type":"","background-media":"","overlay-type":"","overlay-color":"","overlay-opacity":"","overlay-gradient":""},"mobile":{"background-color":"","background-image":"","background-repeat":"repeat","background-position":"center center","background-size":"auto","background-attachment":"scroll","background-type":"","background-media":"","overlay-type":"","overlay-color":"","overlay-opacity":"","overlay-gradient":""}},"ast-content-background-meta":{"desktop":{"background-color":"var(--ast-global-color-5)","background-image":"","background-repeat":"repeat","background-position":"center center","background-size":"auto","background-attachment":"scroll","background-type":"","background-media":"","overlay-type":"","overlay-color":"","overlay-opacity":"","overlay-gradient":""},"tablet":{"background-color":"var(--ast-global-color-5)","background-image":"","background-repeat":"repeat","background-position":"center center","background-size":"auto","background-attachment":"scroll","background-type":"","background-media":"","overlay-type":"","overlay-color":"","overlay-opacity":"","overlay-gradient":""},"mobile":{"background-color":"var(--ast-global-color-5)","background-image":"","background-repeat":"repeat","background-position":"center center","background-size":"auto","background-attachment":"scroll","background-type":"","background-media":"","overlay-type":"","overlay-color":"","overlay-opacity":"","overlay-gradient":""}},"footnotes":""},"class_list":["post-35","page","type-page","status-publish","hentry"],"yoast_head":"<!-- This site is optimized with the Yoast SEO plugin v25.9 - https:\/\/yoast.com\/wordpress\/plugins\/seo\/ -->\n<title>fibra de carbono - euskosites<\/title>\n<meta name=\"robots\" content=\"index, follow, max-snippet:-1, max-image-preview:large, max-video-preview:-1\" \/>\n<link rel=\"canonical\" href=\"https:\/\/euskosites.com\/index.php\/fibra-de-carbono\/\" \/>\n<meta property=\"og:locale\" content=\"es_ES\" \/>\n<meta property=\"og:type\" content=\"article\" \/>\n<meta property=\"og:title\" content=\"fibra de carbono - euskosites\" \/>\n<meta property=\"og:description\" content=\"Fibra de carbono Fibra de carbono Expertos en Fabricaci\u00f3n de Piezas de Fibra de Carbono y Kevlar en Espa\u00f1a, Bilbao y Vizcaya En Euskosites, somos expertos en la fabricaci\u00f3n de piezas de fibra de carbono y fibra de kevlar para toda Espa\u00f1a, incluyendo clientes en Bilbao y Vizcaya. Ofrecemos soluciones avanzadas, duraderas y est\u00e9ticamente impecables [&hellip;]\" \/>\n<meta property=\"og:url\" content=\"https:\/\/euskosites.com\/index.php\/fibra-de-carbono\/\" \/>\n<meta property=\"og:site_name\" content=\"euskosites\" \/>\n<meta property=\"article:publisher\" content=\"https:\/\/www.facebook.com\/euskosites.sl?locale=es_ES\" \/>\n<meta property=\"article:modified_time\" content=\"2025-09-20T17:18:23+00:00\" \/>\n<meta property=\"og:image\" content=\"https:\/\/euskosites.com\/wp-content\/uploads\/2024\/06\/hq720.jpg\" \/>\n\t<meta property=\"og:image:width\" content=\"686\" \/>\n\t<meta property=\"og:image:height\" content=\"386\" \/>\n\t<meta property=\"og:image:type\" content=\"image\/jpeg\" \/>\n<meta name=\"twitter:card\" content=\"summary_large_image\" \/>\n<meta name=\"twitter:label1\" content=\"Tiempo de lectura\" \/>\n\t<meta name=\"twitter:data1\" content=\"2 minutos\" \/>\n<script type=\"application\/ld+json\" class=\"yoast-schema-graph\">{\"@context\":\"https:\/\/schema.org\",\"@graph\":[{\"@type\":\"WebPage\",\"@id\":\"https:\/\/euskosites.com\/index.php\/fibra-de-carbono\/\",\"url\":\"https:\/\/euskosites.com\/index.php\/fibra-de-carbono\/\",\"name\":\"fibra de carbono - euskosites\",\"isPartOf\":{\"@id\":\"https:\/\/euskosites.com\/#website\"},\"primaryImageOfPage\":{\"@id\":\"https:\/\/euskosites.com\/index.php\/fibra-de-carbono\/#primaryimage\"},\"image\":{\"@id\":\"https:\/\/euskosites.com\/index.php\/fibra-de-carbono\/#primaryimage\"},\"thumbnailUrl\":\"https:\/\/euskosites.com\/wp-content\/uploads\/2024\/06\/hq720.jpg\",\"datePublished\":\"2023-03-05T21:55:26+00:00\",\"dateModified\":\"2025-09-20T17:18:23+00:00\",\"breadcrumb\":{\"@id\":\"https:\/\/euskosites.com\/index.php\/fibra-de-carbono\/#breadcrumb\"},\"inLanguage\":\"es\",\"potentialAction\":[{\"@type\":\"ReadAction\",\"target\":[\"https:\/\/euskosites.com\/index.php\/fibra-de-carbono\/\"]}]},{\"@type\":\"ImageObject\",\"inLanguage\":\"es\",\"@id\":\"https:\/\/euskosites.com\/index.php\/fibra-de-carbono\/#primaryimage\",\"url\":\"https:\/\/euskosites.com\/wp-content\/uploads\/2024\/06\/hq720.jpg\",\"contentUrl\":\"https:\/\/euskosites.com\/wp-content\/uploads\/2024\/06\/hq720.jpg\",\"width\":686,\"height\":386},{\"@type\":\"BreadcrumbList\",\"@id\":\"https:\/\/euskosites.com\/index.php\/fibra-de-carbono\/#breadcrumb\",\"itemListElement\":[{\"@type\":\"ListItem\",\"position\":1,\"name\":\"Portada\",\"item\":\"https:\/\/euskosites.com\/\"},{\"@type\":\"ListItem\",\"position\":2,\"name\":\"fibra de carbono\"}]},{\"@type\":\"WebSite\",\"@id\":\"https:\/\/euskosites.com\/#website\",\"url\":\"https:\/\/euskosites.com\/\",\"name\":\"euskosites.com\",\"description\":\"Expertos en fibra de vidrio y fibra de carbono\",\"publisher\":{\"@id\":\"https:\/\/euskosites.com\/#organization\"},\"alternateName\":\"euskosites\",\"potentialAction\":[{\"@type\":\"SearchAction\",\"target\":{\"@type\":\"EntryPoint\",\"urlTemplate\":\"https:\/\/euskosites.com\/?s={search_term_string}\"},\"query-input\":{\"@type\":\"PropertyValueSpecification\",\"valueRequired\":true,\"valueName\":\"search_term_string\"}}],\"inLanguage\":\"es\"},{\"@type\":\"Organization\",\"@id\":\"https:\/\/euskosites.com\/#organization\",\"name\":\"euskosites\",\"url\":\"https:\/\/euskosites.com\/\",\"logo\":{\"@type\":\"ImageObject\",\"inLanguage\":\"es\",\"@id\":\"https:\/\/euskosites.com\/#\/schema\/logo\/image\/\",\"url\":\"https:\/\/euskosites.com\/wp-content\/uploads\/2025\/10\/cropped-android-chrome-512x512-1.png\",\"contentUrl\":\"https:\/\/euskosites.com\/wp-content\/uploads\/2025\/10\/cropped-android-chrome-512x512-1.png\",\"width\":512,\"height\":512,\"caption\":\"euskosites\"},\"image\":{\"@id\":\"https:\/\/euskosites.com\/#\/schema\/logo\/image\/\"},\"sameAs\":[\"https:\/\/www.facebook.com\/euskosites.sl?locale=es_ES\"]}]}<\/script>\n<!-- \/ Yoast SEO plugin. -->","yoast_head_json":{"title":"fibra de carbono - euskosites","robots":{"index":"index","follow":"follow","max-snippet":"max-snippet:-1","max-image-preview":"max-image-preview:large","max-video-preview":"max-video-preview:-1"},"canonical":"https:\/\/euskosites.com\/index.php\/fibra-de-carbono\/","og_locale":"es_ES","og_type":"article","og_title":"fibra de carbono - euskosites","og_description":"Fibra de carbono Fibra de carbono Expertos en Fabricaci\u00f3n de Piezas de Fibra de Carbono y Kevlar en Espa\u00f1a, Bilbao y Vizcaya En Euskosites, somos expertos en la fabricaci\u00f3n de piezas de fibra de carbono y fibra de kevlar para toda Espa\u00f1a, incluyendo clientes en Bilbao y Vizcaya. Ofrecemos soluciones avanzadas, duraderas y est\u00e9ticamente impecables [&hellip;]","og_url":"https:\/\/euskosites.com\/index.php\/fibra-de-carbono\/","og_site_name":"euskosites","article_publisher":"https:\/\/www.facebook.com\/euskosites.sl?locale=es_ES","article_modified_time":"2025-09-20T17:18:23+00:00","og_image":[{"width":686,"height":386,"url":"https:\/\/euskosites.com\/wp-content\/uploads\/2024\/06\/hq720.jpg","type":"image\/jpeg"}],"twitter_card":"summary_large_image","twitter_misc":{"Tiempo de lectura":"2 minutos"},"schema":{"@context":"https:\/\/schema.org","@graph":[{"@type":"WebPage","@id":"https:\/\/euskosites.com\/index.php\/fibra-de-carbono\/","url":"https:\/\/euskosites.com\/index.php\/fibra-de-carbono\/","name":"fibra de carbono - euskosites","isPartOf":{"@id":"https:\/\/euskosites.com\/#website"},"primaryImageOfPage":{"@id":"https:\/\/euskosites.com\/index.php\/fibra-de-carbono\/#primaryimage"},"image":{"@id":"https:\/\/euskosites.com\/index.php\/fibra-de-carbono\/#primaryimage"},"thumbnailUrl":"https:\/\/euskosites.com\/wp-content\/uploads\/2024\/06\/hq720.jpg","datePublished":"2023-03-05T21:55:26+00:00","dateModified":"2025-09-20T17:18:23+00:00","breadcrumb":{"@id":"https:\/\/euskosites.com\/index.php\/fibra-de-carbono\/#breadcrumb"},"inLanguage":"es","potentialAction":[{"@type":"ReadAction","target":["https:\/\/euskosites.com\/index.php\/fibra-de-carbono\/"]}]},{"@type":"ImageObject","inLanguage":"es","@id":"https:\/\/euskosites.com\/index.php\/fibra-de-carbono\/#primaryimage","url":"https:\/\/euskosites.com\/wp-content\/uploads\/2024\/06\/hq720.jpg","contentUrl":"https:\/\/euskosites.com\/wp-content\/uploads\/2024\/06\/hq720.jpg","width":686,"height":386},{"@type":"BreadcrumbList","@id":"https:\/\/euskosites.com\/index.php\/fibra-de-carbono\/#breadcrumb","itemListElement":[{"@type":"ListItem","position":1,"name":"Portada","item":"https:\/\/euskosites.com\/"},{"@type":"ListItem","position":2,"name":"fibra de carbono"}]},{"@type":"WebSite","@id":"https:\/\/euskosites.com\/#website","url":"https:\/\/euskosites.com\/","name":"euskosites.com","description":"Expertos en fibra de vidrio y fibra de carbono","publisher":{"@id":"https:\/\/euskosites.com\/#organization"},"alternateName":"euskosites","potentialAction":[{"@type":"SearchAction","target":{"@type":"EntryPoint","urlTemplate":"https:\/\/euskosites.com\/?s={search_term_string}"},"query-input":{"@type":"PropertyValueSpecification","valueRequired":true,"valueName":"search_term_string"}}],"inLanguage":"es"},{"@type":"Organization","@id":"https:\/\/euskosites.com\/#organization","name":"euskosites","url":"https:\/\/euskosites.com\/","logo":{"@type":"ImageObject","inLanguage":"es","@id":"https:\/\/euskosites.com\/#\/schema\/logo\/image\/","url":"https:\/\/euskosites.com\/wp-content\/uploads\/2025\/10\/cropped-android-chrome-512x512-1.png","contentUrl":"https:\/\/euskosites.com\/wp-content\/uploads\/2025\/10\/cropped-android-chrome-512x512-1.png","width":512,"height":512,"caption":"euskosites"},"image":{"@id":"https:\/\/euskosites.com\/#\/schema\/logo\/image\/"},"sameAs":["https:\/\/www.facebook.com\/euskosites.sl?locale=es_ES"]}]}},"_links":{"self":[{"href":"https:\/\/euskosites.com\/index.php\/wp-json\/wp\/v2\/pages\/35","targetHints":{"allow":["GET"]}}],"collection":[{"href":"https:\/\/euskosites.com\/index.php\/wp-json\/wp\/v2\/pages"}],"about":[{"href":"https:\/\/euskosites.com\/index.php\/wp-json\/wp\/v2\/types\/page"}],"author":[{"embeddable":true,"href":"https:\/\/euskosites.com\/index.php\/wp-json\/wp\/v2\/users\/1"}],"replies":[{"embeddable":true,"href":"https:\/\/euskosites.com\/index.php\/wp-json\/wp\/v2\/comments?post=35"}],"version-history":[{"count":26,"href":"https:\/\/euskosites.com\/index.php\/wp-json\/wp\/v2\/pages\/35\/revisions"}],"predecessor-version":[{"id":575,"href":"https:\/\/euskosites.com\/index.php\/wp-json\/wp\/v2\/pages\/35\/revisions\/575"}],"wp:attachment":[{"href":"https:\/\/euskosites.com\/index.php\/wp-json\/wp\/v2\/media?parent=35"}],"curies":[{"name":"wp","href":"https:\/\/api.w.org\/{rel}","templated":true}]}}